{"id":18473,"date":"2026-01-03T20:14:16","date_gmt":"2026-01-04T03:14:16","guid":{"rendered":"https:\/\/espacioshabitat.com\/inmuebles\/?page_id=18473"},"modified":"2026-01-03T20:25:58","modified_gmt":"2026-01-04T03:25:58","slug":"unete","status":"publish","type":"page","link":"https:\/\/espacioshabitat.com\/inmuebles\/unete\/","title":{"rendered":"Unete"},"content":{"rendered":"\t\t<div data-elementor-type=\"wp-page\" data-elementor-id=\"18473\" class=\"elementor elementor-18473\" data-elementor-post-type=\"page\">\n\t\t\t\t<div class=\"elementor-element elementor-element-be925eb e-flex e-con-boxed e-con e-parent\" data-id=\"be925eb\" data-element_type=\"container\">\n\t\t\t\t\t<div class=\"e-con-inner\">\n\t\t\t\t<div class=\"elementor-element elementor-element-e47524e elementor-widget elementor-widget-houzez_elementor_section_title\" data-id=\"e47524e\" data-element_type=\"widget\" data-widget_type=\"houzez_elementor_section_title.default\">\n\t\t\t\t<div class=\"elementor-widget-container\">\n\t\t\t\t\t            <div class=\"houzez_section_title_wrap section-title-module\">\n                                    <h2 class=\"houzez_section_title\">\u00danete a RE\/MAX Espacios H\u00e1bitat<\/h2>\n                \n                                    <p class=\"houzez_section_subtitle\">El mejor lugar para tener comisiones, capacitaci\u00f3n, herramientas, marca, acompa\u00f1amiento.<\/p>\n                            <\/div>\n            \t\t\t\t<\/div>\n\t\t\t\t<\/div>\n\t\t\t\t\t<\/div>\n\t\t\t\t<\/div>\n\t\t<div class=\"elementor-element elementor-element-28c83f4 e-flex e-con-boxed e-con e-parent\" data-id=\"28c83f4\" data-element_type=\"container\">\n\t\t\t\t\t<div class=\"e-con-inner\">\n\t\t<div class=\"elementor-element elementor-element-9bd48eb e-con-full e-flex e-con e-child\" data-id=\"9bd48eb\" data-element_type=\"container\">\n\t\t\t\t<div class=\"elementor-element elementor-element-612fca2 elementor-position-top elementor-widget elementor-widget-image-box\" data-id=\"612fca2\" data-element_type=\"widget\" data-widget_type=\"image-box.default\">\n\t\t\t\t\t<div class=\"elementor-image-box-wrapper\"><figure class=\"elementor-image-box-img\"><img fetchpriority=\"high\" decoding=\"async\" width=\"2560\" height=\"1861\" src=\"https:\/\/espacioshabitat.com\/inmuebles\/wp-content\/uploads\/2026\/01\/cheerful-couple-with-keys-to-their-new-home-2025-02-10-01-38-30-utc-scaled.jpg\" class=\"attachment-full size-full wp-image-18474\" alt=\"\" srcset=\"https:\/\/espacioshabitat.com\/inmuebles\/wp-content\/uploads\/2026\/01\/cheerful-couple-with-keys-to-their-new-home-2025-02-10-01-38-30-utc-scaled.jpg 2560w, https:\/\/espacioshabitat.com\/inmuebles\/wp-content\/uploads\/2026\/01\/cheerful-couple-with-keys-to-their-new-home-2025-02-10-01-38-30-utc-1536x1116.jpg 1536w, https:\/\/espacioshabitat.com\/inmuebles\/wp-content\/uploads\/2026\/01\/cheerful-couple-with-keys-to-their-new-home-2025-02-10-01-38-30-utc-2048x1489.jpg 2048w\" sizes=\"(max-width: 2560px) 100vw, 2560px\" \/><\/figure><div class=\"elementor-image-box-content\"><h3 class=\"elementor-image-box-title\">Resultados Inmediatos<\/h3><p class=\"elementor-image-box-description\">Plan de capacitaci\u00f3n inicial y acompa\u00f1amiento hasta el cierre<\/p><\/div><\/div>\t\t\t\t<\/div>\n\t\t\t\t<\/div>\n\t\t<div class=\"elementor-element elementor-element-87569de e-con-full e-flex e-con e-child\" data-id=\"87569de\" data-element_type=\"container\">\n\t\t\t\t<div class=\"elementor-element elementor-element-be8f8d1 elementor-position-top elementor-widget elementor-widget-image-box\" data-id=\"be8f8d1\" data-element_type=\"widget\" data-widget_type=\"image-box.default\">\n\t\t\t\t\t<div class=\"elementor-image-box-wrapper\"><figure class=\"elementor-image-box-img\"><img decoding=\"async\" width=\"2560\" height=\"1707\" src=\"https:\/\/espacioshabitat.com\/inmuebles\/wp-content\/uploads\/2026\/01\/portrait-of-professional-psychologist-therapist-wo-2025-12-31-09-40-26-utc-scaled.jpg\" class=\"attachment-full size-full wp-image-18475\" alt=\"\" srcset=\"https:\/\/espacioshabitat.com\/inmuebles\/wp-content\/uploads\/2026\/01\/portrait-of-professional-psychologist-therapist-wo-2025-12-31-09-40-26-utc-scaled.jpg 2560w, https:\/\/espacioshabitat.com\/inmuebles\/wp-content\/uploads\/2026\/01\/portrait-of-professional-psychologist-therapist-wo-2025-12-31-09-40-26-utc-1536x1024.jpg 1536w, https:\/\/espacioshabitat.com\/inmuebles\/wp-content\/uploads\/2026\/01\/portrait-of-professional-psychologist-therapist-wo-2025-12-31-09-40-26-utc-2048x1365.jpg 2048w\" sizes=\"(max-width: 2560px) 100vw, 2560px\" \/><\/figure><div class=\"elementor-image-box-content\"><h3 class=\"elementor-image-box-title\">Sistema de Ventas y Prospecci\u00f3n<\/h3><p class=\"elementor-image-box-description\">Sistema de prospecci\u00f3n con guiones, CRM, campa\u00f1as e Inteligencia Artificial.<\/p><\/div><\/div>\t\t\t\t<\/div>\n\t\t\t\t<\/div>\n\t\t<div class=\"elementor-element elementor-element-4309c33 e-con-full e-flex e-con e-child\" data-id=\"4309c33\" data-element_type=\"container\">\n\t\t\t\t<div class=\"elementor-element elementor-element-a9c8448 elementor-position-top elementor-widget elementor-widget-image-box\" data-id=\"a9c8448\" data-element_type=\"widget\" data-widget_type=\"image-box.default\">\n\t\t\t\t\t<div class=\"elementor-image-box-wrapper\"><figure class=\"elementor-image-box-img\"><img decoding=\"async\" width=\"2560\" height=\"1707\" src=\"https:\/\/espacioshabitat.com\/inmuebles\/wp-content\/uploads\/2026\/01\/real-estate-agent-portrait-with-family-getting-new-2025-02-12-12-16-54-utc-scaled.jpg\" class=\"attachment-full size-full wp-image-18476\" alt=\"\" srcset=\"https:\/\/espacioshabitat.com\/inmuebles\/wp-content\/uploads\/2026\/01\/real-estate-agent-portrait-with-family-getting-new-2025-02-12-12-16-54-utc-scaled.jpg 2560w, https:\/\/espacioshabitat.com\/inmuebles\/wp-content\/uploads\/2026\/01\/real-estate-agent-portrait-with-family-getting-new-2025-02-12-12-16-54-utc-1536x1024.jpg 1536w, https:\/\/espacioshabitat.com\/inmuebles\/wp-content\/uploads\/2026\/01\/real-estate-agent-portrait-with-family-getting-new-2025-02-12-12-16-54-utc-2048x1365.jpg 2048w\" sizes=\"(max-width: 2560px) 100vw, 2560px\" \/><\/figure><div class=\"elementor-image-box-content\"><h3 class=\"elementor-image-box-title\">Marca #1 en el Mundo<\/h3><p class=\"elementor-image-box-description\">Marca RE\/MAX con presencia mundial y respaldo legal, operativo y estrat\u00e9gico<\/p><\/div><\/div>\t\t\t\t<\/div>\n\t\t\t\t<\/div>\n\t\t<div class=\"elementor-element elementor-element-f9d1ac7 e-con-full e-flex e-con e-child\" data-id=\"f9d1ac7\" data-element_type=\"container\">\n\t\t\t\t<div class=\"elementor-element elementor-element-89f6c89 elementor-position-top elementor-widget elementor-widget-image-box\" data-id=\"89f6c89\" data-element_type=\"widget\" data-widget_type=\"image-box.default\">\n\t\t\t\t\t<div class=\"elementor-image-box-wrapper\"><figure class=\"elementor-image-box-img\"><img loading=\"lazy\" decoding=\"async\" width=\"2560\" height=\"1707\" src=\"https:\/\/espacioshabitat.com\/inmuebles\/wp-content\/uploads\/2026\/01\/young-couple-meeting-with-a-travel-agent-or-visa-m-2025-04-02-14-38-39-utc-scaled.jpg\" class=\"attachment-full size-full wp-image-18477\" alt=\"\" srcset=\"https:\/\/espacioshabitat.com\/inmuebles\/wp-content\/uploads\/2026\/01\/young-couple-meeting-with-a-travel-agent-or-visa-m-2025-04-02-14-38-39-utc-scaled.jpg 2560w, https:\/\/espacioshabitat.com\/inmuebles\/wp-content\/uploads\/2026\/01\/young-couple-meeting-with-a-travel-agent-or-visa-m-2025-04-02-14-38-39-utc-1536x1024.jpg 1536w, https:\/\/espacioshabitat.com\/inmuebles\/wp-content\/uploads\/2026\/01\/young-couple-meeting-with-a-travel-agent-or-visa-m-2025-04-02-14-38-39-utc-2048x1365.jpg 2048w\" sizes=\"(max-width: 2560px) 100vw, 2560px\" \/><\/figure><div class=\"elementor-image-box-content\"><h3 class=\"elementor-image-box-title\">Acceso a Inventario Global<\/h3><p class=\"elementor-image-box-description\">M\u00e1s de 35,000 propiedades en M\u00e9xico y 150,000 en el mundo<\/p><\/div><\/div>\t\t\t\t<\/div>\n\t\t\t\t<\/div>\n\t\t\t\t\t<\/div>\n\t\t\t\t<\/div>\n\t\t<div class=\"elementor-element elementor-element-ecf45af e-flex e-con-boxed e-con e-parent\" data-id=\"ecf45af\" data-element_type=\"container\">\n\t\t\t\t\t<div class=\"e-con-inner\">\n\t\t\t\t<div class=\"elementor-element elementor-element-16e197b e-con e-atomic-element e-div-block-base\" data-id=\"16e197b\" data-element_type=\"e-div-block\">\n\t\t\t\t\t\n<hr class=\"e-32f56d8-f0d1cfe e-divider-base\" data-interaction-id=\"32f56d8\" data-interactions=\"&#x5B;&#x5D;\"   \/>\n\t\t\t\t<\/div>\n\t\t\t\t<div class=\"elementor-element elementor-element-c68fa84 elementor-widget elementor-widget-heading\" data-id=\"c68fa84\" data-element_type=\"widget\" data-widget_type=\"heading.default\">\n\t\t\t\t\t<h2 class=\"elementor-heading-title elementor-size-default\">\u00a1\u00danete hoy mismo!<\/h2>\t\t\t\t<\/div>\n\t\t\t\t\t<\/div>\n\t\t\t\t<\/div>\n\t\t<div class=\"elementor-element elementor-element-234c6fd e-flex e-con-boxed e-con e-parent\" data-id=\"234c6fd\" data-element_type=\"container\">\n\t\t\t\t\t<div class=\"e-con-inner\">\n\t\t\t\t<div class=\"elementor-element elementor-element-aeed04a elementor-button-align-stretch elementor-widget elementor-widget-form\" data-id=\"aeed04a\" data-element_type=\"widget\" data-settings=\"{&quot;step_next_label&quot;:&quot;Next&quot;,&quot;step_previous_label&quot;:&quot;Previous&quot;,&quot;button_width&quot;:&quot;100&quot;,&quot;step_type&quot;:&quot;number_text&quot;,&quot;step_icon_shape&quot;:&quot;circle&quot;}\" data-widget_type=\"form.default\">\n\t\t\t\t\t\t\t<form class=\"elementor-form\" method=\"post\" name=\"\u00danete\" aria-label=\"\u00danete\">\n\t\t\t<input type=\"hidden\" name=\"post_id\" value=\"18473\"\/>\n\t\t\t<input type=\"hidden\" name=\"form_id\" value=\"aeed04a\"\/>\n\t\t\t<input type=\"hidden\" name=\"referer_title\" value=\"Unete\" \/>\n\n\t\t\t\t\t\t\t<input type=\"hidden\" name=\"queried_id\" value=\"18473\"\/>\n\t\t\t\n\t\t\t<div class=\"elementor-form-fields-wrapper elementor-labels-above\">\n\t\t\t\t\t\t\t\t<div class=\"elementor-field-type-text elementor-field-group elementor-column elementor-field-group-name elementor-col-100 elementor-field-required\">\n\t\t\t\t\t\t\t\t\t\t\t\t<label for=\"form-field-name\" class=\"elementor-field-label\">\n\t\t\t\t\t\t\t\tNombre\t\t\t\t\t\t\t<\/label>\n\t\t\t\t\t\t\t\t\t\t\t\t\t\t<input size=\"1\" type=\"text\" name=\"form_fields[name]\" id=\"form-field-name\" class=\"elementor-field elementor-size-sm  elementor-field-textual\" placeholder=\"Nombre\" required=\"required\">\n\t\t\t\t\t\t\t\t\t\t\t<\/div>\n\t\t\t\t\t\t\t\t<div class=\"elementor-field-type-email elementor-field-group elementor-column elementor-field-group-email elementor-col-50 elementor-field-required\">\n\t\t\t\t\t\t\t\t\t\t\t\t<label for=\"form-field-email\" class=\"elementor-field-label\">\n\t\t\t\t\t\t\t\tCorreo Electr\u00f3nico\t\t\t\t\t\t\t<\/label>\n\t\t\t\t\t\t\t\t\t\t\t\t\t\t<input size=\"1\" type=\"email\" name=\"form_fields[email]\" id=\"form-field-email\" class=\"elementor-field elementor-size-sm  elementor-field-textual\" placeholder=\"Correo Electr\u00f3nico\" required=\"required\">\n\t\t\t\t\t\t\t\t\t\t\t<\/div>\n\t\t\t\t\t\t\t\t<div class=\"elementor-field-type-tel elementor-field-group elementor-column elementor-field-group-field_6a4c937 elementor-col-50 elementor-field-required\">\n\t\t\t\t\t\t\t\t\t\t\t\t<label for=\"form-field-field_6a4c937\" class=\"elementor-field-label\">\n\t\t\t\t\t\t\t\tCelular\t\t\t\t\t\t\t<\/label>\n\t\t\t\t\t\t\t\t<input size=\"1\" type=\"tel\" name=\"form_fields[field_6a4c937]\" id=\"form-field-field_6a4c937\" class=\"elementor-field elementor-size-sm  elementor-field-textual\" placeholder=\"Celular\" required=\"required\" pattern=\"[0-9()#&amp;+*-=.]+\" title=\"Only numbers and phone characters (#, -, *, etc) are accepted.\">\n\n\t\t\t\t\t\t<\/div>\n\t\t\t\t\t\t\t\t<div class=\"elementor-field-type-select elementor-field-group elementor-column elementor-field-group-field_5200fd8 elementor-col-50 elementor-field-required\">\n\t\t\t\t\t\t\t\t\t\t\t\t<label for=\"form-field-field_5200fd8\" class=\"elementor-field-label\">\n\t\t\t\t\t\t\t\tEstudios\t\t\t\t\t\t\t<\/label>\n\t\t\t\t\t\t\t\t<div class=\"elementor-field elementor-select-wrapper remove-before \">\n\t\t\t<div class=\"select-caret-down-wrapper\">\n\t\t\t\t<svg aria-hidden=\"true\" class=\"e-font-icon-svg e-eicon-caret-down\" viewBox=\"0 0 571.4 571.4\" xmlns=\"http:\/\/www.w3.org\/2000\/svg\"><path d=\"M571 393Q571 407 561 418L311 668Q300 679 286 679T261 668L11 418Q0 407 0 393T11 368 36 357H536Q550 357 561 368T571 393Z\"><\/path><\/svg>\t\t\t<\/div>\n\t\t\t<select name=\"form_fields[field_5200fd8]\" id=\"form-field-field_5200fd8\" class=\"elementor-field-textual elementor-size-sm\" required=\"required\">\n\t\t\t\t\t\t\t\t\t<option value=\"Preparatoria\">Preparatoria<\/option>\n\t\t\t\t\t\t\t\t\t<option value=\"Universidad\">Universidad<\/option>\n\t\t\t\t\t\t\t\t\t<option value=\"Maestr\u00eda\">Maestr\u00eda<\/option>\n\t\t\t\t\t\t\t\t\t<option value=\"Doctorado\">Doctorado<\/option>\n\t\t\t\t\t\t\t\t\t<option value=\"Otro\">Otro<\/option>\n\t\t\t\t\t\t\t\t\t<option value=\"Elegir\">Elegir<\/option>\n\t\t\t\t\t\t\t<\/select>\n\t\t<\/div>\n\t\t\t\t\t\t<\/div>\n\t\t\t\t\t\t\t\t<div class=\"elementor-field-type-select elementor-field-group elementor-column elementor-field-group-field_cd3517b elementor-col-50 elementor-field-required\">\n\t\t\t\t\t\t\t\t\t\t\t\t<label for=\"form-field-field_cd3517b\" class=\"elementor-field-label\">\n\t\t\t\t\t\t\t\tCarro Propio\t\t\t\t\t\t\t<\/label>\n\t\t\t\t\t\t\t\t<div class=\"elementor-field elementor-select-wrapper remove-before \">\n\t\t\t<div class=\"select-caret-down-wrapper\">\n\t\t\t\t<svg aria-hidden=\"true\" class=\"e-font-icon-svg e-eicon-caret-down\" viewBox=\"0 0 571.4 571.4\" xmlns=\"http:\/\/www.w3.org\/2000\/svg\"><path d=\"M571 393Q571 407 561 418L311 668Q300 679 286 679T261 668L11 418Q0 407 0 393T11 368 36 357H536Q550 357 561 368T571 393Z\"><\/path><\/svg>\t\t\t<\/div>\n\t\t\t<select name=\"form_fields[field_cd3517b]\" id=\"form-field-field_cd3517b\" class=\"elementor-field-textual elementor-size-sm\" required=\"required\">\n\t\t\t\t\t\t\t\t\t<option value=\"No\">No<\/option>\n\t\t\t\t\t\t\t\t\t<option value=\"Si\">Si<\/option>\n\t\t\t\t\t\t\t<\/select>\n\t\t<\/div>\n\t\t\t\t\t\t<\/div>\n\t\t\t\t\t\t\t\t<div class=\"elementor-field-type-select elementor-field-group elementor-column elementor-field-group-field_1aeaa33 elementor-col-50 elementor-field-required\">\n\t\t\t\t\t\t\t\t\t\t\t\t<label for=\"form-field-field_1aeaa33\" class=\"elementor-field-label\">\n\t\t\t\t\t\t\t\t\u00bfTiene otro trabajo actualmente?\t\t\t\t\t\t\t<\/label>\n\t\t\t\t\t\t\t\t<div class=\"elementor-field elementor-select-wrapper remove-before \">\n\t\t\t<div class=\"select-caret-down-wrapper\">\n\t\t\t\t<svg aria-hidden=\"true\" class=\"e-font-icon-svg e-eicon-caret-down\" viewBox=\"0 0 571.4 571.4\" xmlns=\"http:\/\/www.w3.org\/2000\/svg\"><path d=\"M571 393Q571 407 561 418L311 668Q300 679 286 679T261 668L11 418Q0 407 0 393T11 368 36 357H536Q550 357 561 368T571 393Z\"><\/path><\/svg>\t\t\t<\/div>\n\t\t\t<select name=\"form_fields[field_1aeaa33]\" id=\"form-field-field_1aeaa33\" class=\"elementor-field-textual elementor-size-sm\" required=\"required\">\n\t\t\t\t\t\t\t\t\t<option value=\"Si\">Si<\/option>\n\t\t\t\t\t\t\t\t\t<option value=\"No\">No<\/option>\n\t\t\t\t\t\t\t<\/select>\n\t\t<\/div>\n\t\t\t\t\t\t<\/div>\n\t\t\t\t\t\t\t\t<div class=\"elementor-field-type-select elementor-field-group elementor-column elementor-field-group-field_5b69fe5 elementor-col-50 elementor-field-required\">\n\t\t\t\t\t\t\t\t\t\t\t\t<label for=\"form-field-field_5b69fe5\" class=\"elementor-field-label\">\n\t\t\t\t\t\t\t\t\u00bfDispuesto a colaborar por Comisiones?\t\t\t\t\t\t\t<\/label>\n\t\t\t\t\t\t\t\t<div class=\"elementor-field elementor-select-wrapper remove-before \">\n\t\t\t<div class=\"select-caret-down-wrapper\">\n\t\t\t\t<svg aria-hidden=\"true\" class=\"e-font-icon-svg e-eicon-caret-down\" viewBox=\"0 0 571.4 571.4\" xmlns=\"http:\/\/www.w3.org\/2000\/svg\"><path d=\"M571 393Q571 407 561 418L311 668Q300 679 286 679T261 668L11 418Q0 407 0 393T11 368 36 357H536Q550 357 561 368T571 393Z\"><\/path><\/svg>\t\t\t<\/div>\n\t\t\t<select name=\"form_fields[field_5b69fe5]\" id=\"form-field-field_5b69fe5\" class=\"elementor-field-textual elementor-size-sm\" required=\"required\">\n\t\t\t\t\t\t\t\t\t<option value=\"No\">No<\/option>\n\t\t\t\t\t\t\t\t\t<option value=\"Si\">Si<\/option>\n\t\t\t\t\t\t\t<\/select>\n\t\t<\/div>\n\t\t\t\t\t\t<\/div>\n\t\t\t\t\t\t\t\t<div class=\"elementor-field-type-textarea elementor-field-group elementor-column elementor-field-group-message elementor-col-100\">\n\t\t\t\t\t\t\t\t\t\t\t\t<label for=\"form-field-message\" class=\"elementor-field-label\">\n\t\t\t\t\t\t\t\tMensaje\t\t\t\t\t\t\t<\/label>\n\t\t\t\t\t\t<textarea class=\"elementor-field-textual elementor-field  elementor-size-sm\" name=\"form_fields[message]\" id=\"form-field-message\" rows=\"4\" placeholder=\"Mensaje\"><\/textarea>\t\t\t\t<\/div>\n\t\t\t\t\t\t\t\t<div class=\"elementor-field-group elementor-column elementor-field-type-submit elementor-col-100 e-form__buttons\">\n\t\t\t\t\t<button class=\"elementor-button elementor-size-lg\" type=\"submit\">\n\t\t\t\t\t\t<span class=\"elementor-button-content-wrapper\">\n\t\t\t\t\t\t\t\t\t\t\t\t\t\t\t\t\t\t\t\t\t\t<span class=\"elementor-button-text\">\u00a1Deseo Unirme!<\/span>\n\t\t\t\t\t\t\t\t\t\t\t\t\t<\/span>\n\t\t\t\t\t<\/button>\n\t\t\t\t<\/div>\n\t\t\t<\/div>\n\t\t<\/form>\n\t\t\t\t\t\t<\/div>\n\t\t\t\t\t<\/div>\n\t\t\t\t<\/div>\n\t\t\t\t<\/div>\n\t\t","protected":false},"excerpt":{"rendered":"<p>\u00danete a RE\/MAX Espacios H\u00e1bitat El mejor lugar para tener comisiones, capacitaci\u00f3n, herramientas, marca, acompa\u00f1amiento. Resultados Inmediatos Plan de capacitaci\u00f3n inicial y acompa\u00f1amiento hasta el cierre Sistema de Ventas y Prospecci\u00f3n Sistema de prospecci\u00f3n con guiones, CRM, campa\u00f1as e Inteligencia Artificial. Marca #1 en el Mundo Marca RE\/MAX con presencia mundial y respaldo legal, operativo [&hellip;]<\/p>\n","protected":false},"author":1,"featured_media":0,"parent":0,"menu_order":0,"comment_status":"closed","ping_status":"closed","template":"elementor_header_footer","meta":{"footnotes":""},"class_list":["post-18473","page","type-page","status-publish","hentry"],"_hostinger_reach_plugin_has_subscription_block":false,"_hostinger_reach_plugin_is_elementor":false,"_links":{"self":[{"href":"https:\/\/espacioshabitat.com\/inmuebles\/wp-json\/wp\/v2\/pages\/18473","targetHints":{"allow":["GET"]}}],"collection":[{"href":"https:\/\/espacioshabitat.com\/inmuebles\/wp-json\/wp\/v2\/pages"}],"about":[{"href":"https:\/\/espacioshabitat.com\/inmuebles\/wp-json\/wp\/v2\/types\/page"}],"author":[{"embeddable":true,"href":"https:\/\/espacioshabitat.com\/inmuebles\/wp-json\/wp\/v2\/users\/1"}],"replies":[{"embeddable":true,"href":"https:\/\/espacioshabitat.com\/inmuebles\/wp-json\/wp\/v2\/comments?post=18473"}],"version-history":[{"count":12,"href":"https:\/\/espacioshabitat.com\/inmuebles\/wp-json\/wp\/v2\/pages\/18473\/revisions"}],"predecessor-version":[{"id":18489,"href":"https:\/\/espacioshabitat.com\/inmuebles\/wp-json\/wp\/v2\/pages\/18473\/revisions\/18489"}],"wp:attachment":[{"href":"https:\/\/espacioshabitat.com\/inmuebles\/wp-json\/wp\/v2\/media?parent=18473"}],"curies":[{"name":"wp","href":"https:\/\/api.w.org\/{rel}","templated":true}]}}