{"id":748,"date":"2016-03-10T18:52:12","date_gmt":"2016-03-10T18:52:12","guid":{"rendered":"https:\/\/default.houzez.co\/?page_id=748"},"modified":"2026-01-03T19:29:05","modified_gmt":"2026-01-04T02:29:05","slug":"privacy","status":"publish","type":"page","link":"https:\/\/espacioshabitat.com\/inmuebles\/privacy\/","title":{"rendered":"Aviso de Privacidad"},"content":{"rendered":"\t\t<div data-elementor-type=\"wp-page\" data-elementor-id=\"748\" class=\"elementor elementor-748\" data-elementor-post-type=\"page\">\n\t\t\t\t<div class=\"elementor-element elementor-element-70c7d98 e-con-full e-flex e-con e-parent\" data-id=\"70c7d98\" data-element_type=\"container\">\n\t\t\t\t<div class=\"elementor-element elementor-element-949c107 elementor-widget elementor-widget-html\" data-id=\"949c107\" data-element_type=\"widget\" data-widget_type=\"html.default\">\n\t\t\t\t\t<section class=\"aviso-privacidad\">\r\n  <header>\r\n    <h1>Aviso de Privacidad<\/h1>\r\n    <p><strong>RE\/MAX ESPACIOS H\u00c1BITAT<\/strong><\/p>\r\n  <\/header>\r\n\r\n  <hr>\r\n\r\n  <h2>Identidad y domicilio del responsable<\/h2>\r\n  <p>\r\n    Espacios H\u00e1bitat KR, S.A. de C.V., que para efectos de la presente ser\u00e1 conocido comercialmente como\r\n    <strong>RE\/MAX ESPACIOS H\u00c1BITAT<\/strong>, con domicilio en Blvd. Juan Navarrete, #134, Int. 1,\r\n    Col. Valle Grande, Hermosillo, Sonora, M\u00e9xico, C.P. 83205, es responsable del tratamiento de sus datos\r\n    personales conforme a lo establecido en el presente Aviso de Privacidad Simplificado.\r\n  <\/p>\r\n\r\n  <h2>Datos que se recaban<\/h2>\r\n  <p>Los datos que recabamos pueden ser, de manera enunciativa:<\/p>\r\n  <ul>\r\n    <li>Nombre completo; Correo electr\u00f3nico; Tel\u00e9fono fijo; Tel\u00e9fono m\u00f3vil; Redes sociales.<\/li>\r\n    <li>Identificaci\u00f3n oficial; Domicilio fiscal; Comprobante de domicilio; Estado civil.<\/li>\r\n    <li>Acta de nacimiento; Acta de matrimonio; CURP; Fecha de nacimiento; G\u00e9nero.<\/li>\r\n    <li>Nombre de la empresa o del representante legal; Acta constitutiva; Poder notarial del representante legal.<\/li>\r\n    <li>Firma aut\u00f3grafa y\/o electr\u00f3nica; RFC; Constancia de situaci\u00f3n fiscal.<\/li>\r\n    <li>Nombres de dependientes econ\u00f3micos; Referencias personales; Recibos de n\u00f3mina.<\/li>\r\n    <li>Estados de cuenta bancarios; Declaraciones de impuestos.<\/li>\r\n    <li>\r\n      Copia de escrituras p\u00fablicas, t\u00edtulos de propiedad, comprobantes de domicilio y pago de servicios; y\r\n      escrituras de inmueble a enajenar, arrendar o administrar.\r\n    <\/li>\r\n  <\/ul>\r\n\r\n  <h3>Datos sensibles<\/h3>\r\n  <ul>\r\n    <li>Nombre del titular de la cuenta bancaria; N\u00famero de cuenta bancaria; N\u00famero CLABE.<\/li>\r\n    <li>Estados financieros de la persona; Estados financieros de la empresa; Declaraci\u00f3n anual de impuestos.<\/li>\r\n    <li>3 \u00faltimos estados de cuenta bancaria recientes; Referencias bancarias y comerciales.<\/li>\r\n    <li>Consulta de historial y comportamiento crediticio.<\/li>\r\n    <li>\r\n      Videograbaciones: se recabar\u00e1n y grabar\u00e1n im\u00e1genes en video digital de todas las personas que ingresen,\r\n      circulen o permanezcan dentro o fuera de las instalaciones (puertas de ingreso, pasillos, locales,\r\n      oficinas y \u00e1reas comunes de RE\/MAX ESPACIOS H\u00c1BITAT).\r\n    <\/li>\r\n  <\/ul>\r\n\r\n  <h2>Finalidad del tratamiento de datos<\/h2>\r\n  <p>Sus datos personales ser\u00e1n utilizados para las siguientes finalidades:<\/p>\r\n  <ol>\r\n    <li>\r\n      Actividades de mercadotecnia y difusi\u00f3n (avances de obra, cambios, actualizaciones de precios, condiciones\r\n      de servicios, promociones, estados de cuenta, agradecimientos, felicitaciones, recomendaciones, atenci\u00f3n a\r\n      clientes, quejas y sugerencias, informaci\u00f3n sobre productos o servicios y sus actualizaciones), por medios\r\n      presenciales, telef\u00f3nicos o en l\u00ednea (telemarketing, email marketing, mensajes de texto, llamadas,\r\n      videollamadas, medios digitales e impresos).\r\n    <\/li>\r\n    <li>\r\n      Llamadas y correos para cobranza y pagos; localizaci\u00f3n y verificaci\u00f3n de informaci\u00f3n de clientes,\r\n      prospectos, proveedores y empleados; aclaraciones, cotizaciones y promociones; env\u00edo y recepci\u00f3n de\r\n      facturaci\u00f3n fiscal, borradores de escrituras p\u00fablicas, contratos de arrendamiento o cualquier otro\r\n      documento; concertaci\u00f3n de citas y seguimiento a presentaciones, env\u00edos de informaci\u00f3n, proyectos y\r\n      cotizaciones.\r\n    <\/li>\r\n    <li>Comunicaci\u00f3n interna.<\/li>\r\n    <li>\r\n      Analizar, fotocopiar y resguardar documentos relacionados con impuestos y operaci\u00f3n inmobiliaria\r\n      (escrituras, contratos, identificaciones, constancias, cartas, pago de predial, ISR, IVA, comprobantes de\r\n      servicios, constancias fiscales, actas, poderes notariales, entre otros necesarios para compraventa,\r\n      enajenaci\u00f3n, arrendamiento, comodato, usufructo, concesi\u00f3n u otra figura jur\u00eddica relacionada con el\r\n      servicio).\r\n    <\/li>\r\n    <li>\r\n      Elaborar propuestas de compra o venta, tramitar cr\u00e9ditos hipotecarios ante INFONAVIT, FOVISSSTE o\r\n      instituciones crediticias para adquirir, mejorar, construir, obtener liquidez o remodelar bienes inmuebles\r\n      de la oferta de RE\/MAX ESPACIOS H\u00c1BITAT.\r\n    <\/li>\r\n    <li>\r\n      Proveer los servicios y productos solicitados (promoci\u00f3n, comercializaci\u00f3n, asesor\u00eda, gesti\u00f3n de cr\u00e9ditos\r\n      hipotecarios, valuaci\u00f3n, proyectos de inversi\u00f3n inmobiliaria en Hermosillo o en cualquier lugar del pa\u00eds).\r\n    <\/li>\r\n    <li>\r\n      Notificar sobre nuevos servicios o productos relacionados con los ya solicitados o adquiridos, y comunicar\r\n      cambios en los mismos.\r\n    <\/li>\r\n    <li>Elaborar estudios y proyectos en materia inmobiliaria.<\/li>\r\n    <li>Evaluar la calidad del servicio.<\/li>\r\n    <li>Dar cumplimiento a obligaciones contra\u00eddas con usted.<\/li>\r\n    <li>Mercadotecnia o publicidad.<\/li>\r\n    <li>Prospecci\u00f3n comercial.<\/li>\r\n  <\/ol>\r\n\r\n  <h2>Divulgaci\u00f3n o transferencia de datos personales<\/h2>\r\n  <p>\r\n    Si no desea que sus datos sean utilizados para finalidades secundarias, puede expresar su negativa mediante\r\n    correo electr\u00f3nico a <a href=\"mailto:privacidad@espacioshabitat.com\">privacidad@espacioshabitat.com<\/a>, en\r\n    donde tambi\u00e9n podr\u00e1 solicitar que se limite su uso.\r\n  <\/p>\r\n  <p>\r\n    Sus datos personales no ser\u00e1n transferidos a terceros sin su consentimiento, salvo en los casos previstos\r\n    por la ley. En caso de requerirse una transferencia de datos, se le notificar\u00e1 previamente para que\r\n    otorgue su consentimiento.\r\n  <\/p>\r\n\r\n  <h2>Derechos ARCO<\/h2>\r\n  <p>\r\n    Usted tiene derecho a conocer qu\u00e9 datos personales tenemos de usted, para qu\u00e9 los utilizamos y las\r\n    condiciones del uso que les damos (Acceso). Asimismo, es su derecho solicitar la correcci\u00f3n de su\r\n    informaci\u00f3n personal en caso de que est\u00e9 desactualizada, sea inexacta o incompleta (Rectificaci\u00f3n); que la\r\n    eliminemos de nuestros registros o bases de datos cuando considere que la misma no est\u00e1 siendo utilizada\r\n    adecuadamente (Cancelaci\u00f3n); as\u00ed como oponerse al uso de sus datos personales para fines espec\u00edficos\r\n    (Oposici\u00f3n).\r\n  <\/p>\r\n  <p>\r\n    Para ejercer sus derechos ARCO, env\u00ede un correo electr\u00f3nico a\r\n    <a href=\"mailto:privacidad@espacioshabitat.com\">privacidad@espacioshabitat.com<\/a>.\r\n  <\/p>\r\n\r\n  <h2>Modificaciones al aviso de privacidad<\/h2>\r\n  <p>\r\n    El presente Aviso de Privacidad Simplificado puede ser modificado en cualquier momento para atender\r\n    novedades legislativas o pol\u00edticas internas. Dichas modificaciones estar\u00e1n disponibles en:\r\n    <a href=\"https:\/\/espacioshabitat.com\/aviso-de-privacidad\" target=\"_blank\" rel=\"noopener\">\r\n      https:\/\/espacioshabitat.com\/aviso-de-privacidad\r\n    <\/a>.\r\n  <\/p>\r\n\r\n  <h2>Contacto<\/h2>\r\n  <p>\r\n    Si tiene alguna duda o comentario sobre este Aviso de Privacidad, puede ponerse en contacto con nosotros a\r\n    trav\u00e9s del correo electr\u00f3nico\r\n    <a href=\"mailto:privacidad@espacioshabitat.com\">privacidad@espacioshabitat.com<\/a>.\r\n  <\/p>\r\n\r\n  <h2>Fecha de emisi\u00f3n<\/h2>\r\n  <p><strong>08 de agosto de 2025<\/strong><\/p>\r\n\r\n  <hr>\r\n\r\n  <h2>Autorizaci\u00f3n para el tratamiento de sus datos personales<\/h2>\r\n  <p>\r\n    Por mi libre derecho, consiento y autorizo expresa o t\u00e1citamente para que mis datos personales sean tratados\r\n    conforme a los t\u00e9rminos y condiciones previstas en el presente Aviso de Privacidad Simplificado, reconozco\r\n    que he sido informado y pude tener acceso al Aviso de Privacidad Integral disponible en:\r\n    <a href=\"https:\/\/espacioshabitat.com\/aviso-de-privacidad\" target=\"_blank\" rel=\"noopener\">\r\n      https:\/\/espacioshabitat.com\/aviso-de-privacidad\r\n    <\/a>.\r\n  <\/p>\r\n\r\n  <p><strong>AUTORIZO EL TRATAMIENTO DE MIS DATOS PERSONALES<\/strong><\/p>\r\n\r\n  <div style=\"margin-top:18px;\">\r\n    <p style=\"margin:0;\"><strong>Nombre completo:<\/strong> ________________________________<\/p>\r\n    <p style=\"margin:10px 0 0 0;\"><strong>Firma:<\/strong> ________________________________<\/p>\r\n  <\/div>\r\n<\/section>\r\n\t\t\t\t<\/div>\n\t\t\t\t<\/div>\n\t\t\t\t<\/div>\n\t\t","protected":false},"excerpt":{"rendered":"<p>Aviso de Privacidad RE\/MAX ESPACIOS H\u00c1BITAT Identidad y domicilio del responsable Espacios H\u00e1bitat KR, S.A. de C.V., que para efectos de la presente ser\u00e1 conocido comercialmente como RE\/MAX ESPACIOS H\u00c1BITAT, con domicilio en Blvd. Juan Navarrete, #134, Int. 1, Col. Valle Grande, Hermosillo, Sonora, M\u00e9xico, C.P. 83205, es responsable del tratamiento de sus datos personales [&hellip;]<\/p>\n","protected":false},"author":1,"featured_media":0,"parent":0,"menu_order":0,"comment_status":"closed","ping_status":"closed","template":"elementor_header_footer","meta":{"footnotes":""},"class_list":["post-748","page","type-page","status-publish","hentry"],"_hostinger_reach_plugin_has_subscription_block":false,"_hostinger_reach_plugin_is_elementor":false,"_links":{"self":[{"href":"https:\/\/espacioshabitat.com\/inmuebles\/wp-json\/wp\/v2\/pages\/748","targetHints":{"allow":["GET"]}}],"collection":[{"href":"https:\/\/espacioshabitat.com\/inmuebles\/wp-json\/wp\/v2\/pages"}],"about":[{"href":"https:\/\/espacioshabitat.com\/inmuebles\/wp-json\/wp\/v2\/types\/page"}],"author":[{"embeddable":true,"href":"https:\/\/espacioshabitat.com\/inmuebles\/wp-json\/wp\/v2\/users\/1"}],"replies":[{"embeddable":true,"href":"https:\/\/espacioshabitat.com\/inmuebles\/wp-json\/wp\/v2\/comments?post=748"}],"version-history":[{"count":9,"href":"https:\/\/espacioshabitat.com\/inmuebles\/wp-json\/wp\/v2\/pages\/748\/revisions"}],"predecessor-version":[{"id":18455,"href":"https:\/\/espacioshabitat.com\/inmuebles\/wp-json\/wp\/v2\/pages\/748\/revisions\/18455"}],"wp:attachment":[{"href":"https:\/\/espacioshabitat.com\/inmuebles\/wp-json\/wp\/v2\/media?parent=748"}],"curies":[{"name":"wp","href":"https:\/\/api.w.org\/{rel}","templated":true}]}}